{"id":3125,"date":"2019-03-05T10:52:55","date_gmt":"2019-03-05T10:52:55","guid":{"rendered":"https:\/\/www.villabelverde.it\/il-parco-2\/"},"modified":"2021-06-16T11:17:47","modified_gmt":"2021-06-16T11:17:47","slug":"le-parc","status":"publish","type":"page","link":"https:\/\/www.villabelverde.it\/fr\/le-parc\/","title":{"rendered":"Le parc"},"content":{"rendered":"<div class=\"wpb-content-wrapper\"><p>[vc_row full_width=\u00a0\u00bbstretch_row\u00a0\u00bb css_animation=\u00a0\u00bbfadeIn\u00a0\u00bb css=\u00a0\u00bb.vc_custom_1556803008224{padding-top: 1px !important;background-position: center !important;background-repeat: no-repeat !important;background-size: cover !important;}\u00a0\u00bb][vc_column][vc_custom_heading text=\u00a0\u00bbLe parc\u00a0\u00bb font_container=\u00a0\u00bbtag:h1|text_align:center|color:%230a0202&Prime; use_theme_fonts=\u00a0\u00bbyes\u00a0\u00bb css=\u00a0\u00bb.vc_custom_1616577899368{margin-bottom: 35px !important;}\u00a0\u00bb el_class=\u00a0\u00bbh1-title\u00a0\u00bb][vc_column_text]D\u2019antiques statues expriment une attraction pour la beaut\u00e9 classique de l\u2019antiquit\u00e9 propre \u00e0 l\u2019esprit de la Renaissance, au m\u00eame moment, des statues contemporaines g\u00e9antes tels les \u0153uvres de Rabarama nous accueillent et nous prot\u00e8gent par leur aura flamboyante. Pendant le s\u00e9jour, il est possible de venir se reposer dans le parc, cajol\u00e9 par la verdure et la beaut\u00e9 de la nature environnante.[\/vc_column_text][\/vc_column][\/vc_row][vc_row full_width=\u00a0\u00bbstretch_row\u00a0\u00bb css_animation=\u00a0\u00bbfadeIn\u00a0\u00bb el_class=\u00a0\u00bbspa-services\u00a0\u00bb][vc_column css=\u00a0\u00bb.vc_custom_1498219725582{padding-top: 0px !important;}\u00a0\u00bb][vc_row_inner el_class=\u00a0\u00bbfeatures\u00a0\u00bb][vc_column_inner width=\u00a0\u00bb1\/3&Prime;][vc_single_image image=\u00a0\u00bb3128&Prime; img_size=\u00a0\u00bbfull\u00a0\u00bb alignment=\u00a0\u00bbcenter\u00a0\u00bb css=\u00a0\u00bb.vc_custom_1556803712641{margin-bottom: 0px !important;}\u00a0\u00bb][lab_heading title=\u00a0\u00bbAutres mondes, espaces lointains\u00a0\u00bb el_class=\u00a0\u00bbfeature-block\u00a0\u00bb]Des statues et des sculptures antiques et modernes peuplent notre parc pour vous procurer une sensation de d\u00e9couverte permanente[\/lab_heading][\/vc_column_inner][vc_column_inner width=\u00a0\u00bb1\/3&Prime;][vc_single_image image=\u00a0\u00bb3131&Prime; img_size=\u00a0\u00bbfull\u00a0\u00bb alignment=\u00a0\u00bbcenter\u00a0\u00bb css=\u00a0\u00bb.vc_custom_1556803693887{margin-bottom: 0px !important;}\u00a0\u00bb][lab_heading title=\u00a0\u00bbDes iris, aux roses, jusqu\u2019aux arbres s\u00e9culaires.\u00a0\u00bb el_class=\u00a0\u00bbfeature-block\u00a0\u00bb]Grandeur et intimit\u00e9 se trouvent en harmonie gr\u00e2ce \u00e0 la combinaison des couleurs et des parfums.[\/lab_heading][\/vc_column_inner][vc_column_inner width=\u00a0\u00bb1\/3&Prime;][vc_single_image image=\u00a0\u00bb3132&Prime; img_size=\u00a0\u00bbfull\u00a0\u00bb alignment=\u00a0\u00bbcenter\u00a0\u00bb css=\u00a0\u00bb.vc_custom_1556803787740{margin-bottom: 0px !important;}\u00a0\u00bb][lab_heading title=\u00a0\u00bbRegards insolites\u00a0\u00bb el_class=\u00a0\u00bbfeature-block\u00a0\u00bb]Le merveilleux laisse place \u00e0 un regard curieux et contemporain[\/lab_heading][\/vc_column_inner][\/vc_row_inner][vc_row_inner el_class=\u00a0\u00bbfeatures\u00a0\u00bb][vc_column_inner width=\u00a0\u00bb1\/3&Prime;][vc_single_image image=\u00a0\u00bb3129&Prime; img_size=\u00a0\u00bbfull\u00a0\u00bb alignment=\u00a0\u00bbcenter\u00a0\u00bb css=\u00a0\u00bb.vc_custom_1556803884966{margin-bottom: 0px !important;}\u00a0\u00bb][lab_heading title=\u00a0\u00bbSe perdre dans la verdure\u00a0\u00bb el_class=\u00a0\u00bbfeature-block\u00a0\u00bb]Silencieux et intime, individuel, riche, intense et profond\u00e9ment enracin\u00e9 dans la nature du lieu.[\/lab_heading][\/vc_column_inner][vc_column_inner width=\u00a0\u00bb1\/3&Prime;][vc_single_image image=\u00a0\u00bb3133&Prime; img_size=\u00a0\u00bbfull\u00a0\u00bb alignment=\u00a0\u00bbcenter\u00a0\u00bb css=\u00a0\u00bb.vc_custom_1556803897360{margin-bottom: 0px !important;}\u00a0\u00bb][lab_heading title=\u00a0\u00bbL\u2019eau comme \u00e9l\u00e9ment de f\u00e9condit\u00e9\u00a0\u00bb el_class=\u00a0\u00bbfeature-block\u00a0\u00bb]Des jets d\u2019eaux impr\u00e9vus procurent une ambiance rafraichissante et relaxante.[\/lab_heading][\/vc_column_inner][vc_column_inner width=\u00a0\u00bb1\/3&Prime;][vc_single_image image=\u00a0\u00bb3135&Prime; img_size=\u00a0\u00bbfull\u00a0\u00bb alignment=\u00a0\u00bbcenter\u00a0\u00bb css=\u00a0\u00bb.vc_custom_1556805222798{margin-bottom: 0px !important;}\u00a0\u00bb][lab_heading title=\u00a0\u00bbR\u00e9g\u00e9n\u00e9rer le corps et l\u2019esprit\u00a0\u00bb el_class=\u00a0\u00bbfeature-block\u00a0\u00bb]En ext\u00e9rieur, vous pourrez profiter d\u2019un agr\u00e9able petit d\u00e9jeuner[\/lab_heading][\/vc_column_inner][\/vc_row_inner][\/vc_column][\/vc_row][vc_row full_width=\u00a0\u00bbstretch_row_content_no_spaces\u00a0\u00bb css=\u00a0\u00bb.vc_custom_1521473069676{margin-bottom: 0px !important;padding-top: 0px !important;padding-bottom: 0px !important;}\u00a0\u00bb][vc_column css=\u00a0\u00bb.vc_custom_1521473062975{margin-top: 0px !important;padding-top: 0px !important;}\u00a0\u00bb][vc_media_grid element_width=\u00a0\u00bb3&Prime; gap=\u00a0\u00bb2&Prime; use_light_gallery=\u00a0\u00bbyes\u00a0\u00bb grid_id=\u00a0\u00bbvc_gid:1616577796643-d090b499-45fb-6&Prime; include=\u00a0\u00bb3136,3138,3139,3140,3141,3143,3144,3145,3147,3148,3150,3151&Prime; css=\u00a0\u00bb.vc_custom_1558625077351{margin-bottom: 0px !important;padding-top: 0px !important;}\u00a0\u00bb][\/vc_column][\/vc_row]<\/p>\n<\/div>","protected":false},"excerpt":{"rendered":"<p>[vc_row full_width=\u00a0\u00bbstretch_row\u00a0\u00bb css_animation=\u00a0\u00bbfadeIn\u00a0\u00bb css=\u00a0\u00bb.vc_custom_1556803008224{padding-top: 1px !important;background-position: center !important;background-repeat: no-repeat !important;background-size: cover !important;}\u00a0\u00bb][vc_column][vc_custom_heading text=\u00a0\u00bbLe parc\u00a0\u00bb font_container=\u00a0\u00bbtag:h1|text_align:center|color:%230a0202&Prime; use_theme_fonts=\u00a0\u00bbyes\u00a0\u00bb css=\u00a0\u00bb.vc_custom_1616577899368{margin-bottom: 35px !important;}\u00a0\u00bb el_class=\u00a0\u00bbh1-title\u00a0\u00bb][vc_column_text]D\u2019antiques statues expriment une attraction pour la beaut\u00e9 classique de l\u2019antiquit\u00e9 propre \u00e0 l\u2019esprit de la Renaissance, au m\u00eame moment, des statues contemporaines g\u00e9antes tels les \u0153uvres de Rabarama nous accueillent et nous prot\u00e8gent par leur&hellip;<\/p>\n","protected":false},"author":1,"featured_media":0,"parent":0,"menu_order":0,"comment_status":"closed","ping_status":"closed","template":"","meta":{"_acf_changed":false,"footnotes":""},"class_list":["post-3125","page","type-page","status-publish","hentry"],"acf":[],"_links":{"self":[{"href":"https:\/\/www.villabelverde.it\/fr\/wp-json\/wp\/v2\/pages\/3125","targetHints":{"allow":["GET"]}}],"collection":[{"href":"https:\/\/www.villabelverde.it\/fr\/wp-json\/wp\/v2\/pages"}],"about":[{"href":"https:\/\/www.villabelverde.it\/fr\/wp-json\/wp\/v2\/types\/page"}],"author":[{"embeddable":true,"href":"https:\/\/www.villabelverde.it\/fr\/wp-json\/wp\/v2\/users\/1"}],"replies":[{"embeddable":true,"href":"https:\/\/www.villabelverde.it\/fr\/wp-json\/wp\/v2\/comments?post=3125"}],"version-history":[{"count":5,"href":"https:\/\/www.villabelverde.it\/fr\/wp-json\/wp\/v2\/pages\/3125\/revisions"}],"predecessor-version":[{"id":3332,"href":"https:\/\/www.villabelverde.it\/fr\/wp-json\/wp\/v2\/pages\/3125\/revisions\/3332"}],"wp:attachment":[{"href":"https:\/\/www.villabelverde.it\/fr\/wp-json\/wp\/v2\/media?parent=3125"}],"curies":[{"name":"wp","href":"https:\/\/api.w.org\/{rel}","templated":true}]}}