{"id":3100,"date":"2018-02-07T13:43:23","date_gmt":"2018-02-07T13:43:23","guid":{"rendered":"https:\/\/www.villabelverde.it\/breakfast\/"},"modified":"2021-03-24T14:26:28","modified_gmt":"2021-03-24T14:26:28","slug":"breakfast","status":"publish","type":"page","link":"https:\/\/www.villabelverde.it\/fr\/breakfast\/","title":{"rendered":"Le petit d\u00e9jeuner"},"content":{"rendered":"<div class=\"wpb-content-wrapper\"><p>[vc_row full_width=\u00a0\u00bbstretch_row\u00a0\u00bb content_placement=\u00a0\u00bbmiddle\u00a0\u00bb css_animation=\u00a0\u00bbnone\u00a0\u00bb el_id=\u00a0\u00bbrestaurant\u00a0\u00bb el_class=\u00a0\u00bbrestaurant\u00a0\u00bb css=\u00a0\u00bb.vc_custom_1523281289932{border-top-width: 1px !important;border-top-color: #eeeeee !important;border-top-style: solid !important;}\u00a0\u00bb][vc_column css_animation=\u00a0\u00bbnone\u00a0\u00bb width=\u00a0\u00bb5\/12&Prime; css=\u00a0\u00bb.vc_custom_1523281984144{padding-top: 0px !important;}\u00a0\u00bb][vc_custom_heading text=\u00a0\u00bbLe petit d\u00e9jeuner\u00a0\u00bb font_container=\u00a0\u00bbtag:h1|text_align:left\u00a0\u00bb use_theme_fonts=\u00a0\u00bbyes\u00a0\u00bb css_animation=\u00a0\u00bbright-to-left\u00a0\u00bb el_class=\u00a0\u00bbh1-title\u00a0\u00bb][vc_column_text css_animation=\u00a0\u00bbright-to-left\u00a0\u00bb css=\u00a0\u00bb.vc_custom_1616577428115{margin-bottom: 0px !important;}\u00a0\u00bb]L\u2019ambiance \u00e9l\u00e9gante et recherch\u00e9e de la Villa Belverde est l\u2019endroit propice aussi bien pour des rencontres passionn\u00e9es que pour des rendez-vous informel de travail.<br \/>\nEndroit id\u00e9al pour le petit d\u00e9jeuner o\u00f9 vous pourrez d\u00e9guster les petites et grandes douceurs pr\u00e9par\u00e9es chaque jour par nos p\u00e2tissiers locaux, Villa Belverde vous accueillera pour vous faire appr\u00e9cier un petit d\u00e9jeuner relaxant soit dans le jardin d\u2019hivers, soit, avec la permission du soleil, \u00e0 l\u2019ext\u00e9rieur o\u00f9 vous pourrez \u00e9galement admirer les arbres s\u00e9culaires de notre jardin priv\u00e9.[\/vc_column_text][\/vc_column][vc_column css_animation=\u00a0\u00bbnone\u00a0\u00bb width=\u00a0\u00bb1\/12&Prime; offset=\u00a0\u00bbvc_hidden-xs\u00a0\u00bb][\/vc_column][vc_column width=\u00a0\u00bb1\/2&Prime;][vc_single_image image=\u00a0\u00bb3103&Prime; img_size=\u00a0\u00bblarge\u00a0\u00bb alignment=\u00a0\u00bbcenter\u00a0\u00bb css_animation=\u00a0\u00bbfadeIn\u00a0\u00bb el_class=\u00a0\u00bbimage-shadow\u00a0\u00bb][\/vc_column][\/vc_row][vc_row full_width=\u00a0\u00bbstretch_row\u00a0\u00bb content_placement=\u00a0\u00bbmiddle\u00a0\u00bb css_animation=\u00a0\u00bbnone\u00a0\u00bb css=\u00a0\u00bb.vc_custom_1523282299335{border-top-width: 1px !important;border-top-color: #eeeeee !important;border-top-style: solid !important;}\u00a0\u00bb el_class=\u00a0\u00bbrestaurant-row-2&Prime;][vc_column][vc_custom_heading text=\u00a0\u00bbPlats Favoris\u00a0\u00bb font_container=\u00a0\u00bbtag:h2|text_align:center\u00a0\u00bb use_theme_fonts=\u00a0\u00bbyes\u00a0\u00bb css_animation=\u00a0\u00bbflipInX\u00a0\u00bb css=\u00a0\u00bb.vc_custom_1616577498159{padding-top: 0px !important;}\u00a0\u00bb][vc_column_text css_animation=\u00a0\u00bbfadeIn\u00a0\u00bb]<\/p>\n<p style=\"text-align: center;\"><img loading=\"lazy\" decoding=\"async\" class=\"title-divider aligncenter wp-image-1276\" src=\"http:\/\/www.villabelverde.it\/wp-content\/uploads\/2018\/03\/divider2.png\" alt=\"\" width=\"250\" height=\"22\" srcset=\"https:\/\/www.villabelverde.it\/wp-content\/uploads\/2018\/03\/divider2.png 432w, https:\/\/www.villabelverde.it\/wp-content\/uploads\/2018\/03\/divider2-300x26.png 300w\" sizes=\"auto, (max-width: 250px) 100vw, 250px\" \/>Les journ\u00e9es devraient toujours commencer par une embrassade, un baiser, une caresse et un caf\u00e9.<br \/>\nParce que le petit d\u00e9jeuner doit \u00eatre copieux.<br \/>\n(Charles M. Schulz, Peanuts)<\/p>\n<p>[\/vc_column_text][\/vc_column][\/vc_row][vc_row equal_height=\u00a0\u00bbyes\u00a0\u00bb content_placement=\u00a0\u00bbmiddle\u00a0\u00bb][vc_column css_animation=\u00a0\u00bbnone\u00a0\u00bb width=\u00a0\u00bb1\/4&Prime; css=\u00a0\u00bb.vc_custom_1554301070756{padding-left: 0px !important;background-image: url(http:\/\/www.villabelverde.it\/wp-content\/uploads\/2019\/03\/colazione-copertina-1-2.jpg?id=2167) !important;background-position: center !important;background-repeat: no-repeat !important;background-size: cover !important;}\u00a0\u00bb el_class=\u00a0\u00bbaltezza-mobile\u00a0\u00bb][\/vc_column][vc_column css_animation=\u00a0\u00bbnone\u00a0\u00bb width=\u00a0\u00bb1\/4&Prime; css=\u00a0\u00bb.vc_custom_1552300443463{padding-top: 50px !important;padding-right: 50px !important;padding-bottom: 50px !important;padding-left: 50px !important;background-color: #fff5eb !important;}\u00a0\u00bb][vc_custom_heading text=\u00a0\u00bbFruits frais\u00a0\u00bb font_container=\u00a0\u00bbtag:h3|text_align:center\u00a0\u00bb use_theme_fonts=\u00a0\u00bbyes\u00a0\u00bb css_animation=\u00a0\u00bbnone\u00a0\u00bb][vc_column_text css=\u00a0\u00bb.vc_custom_1616577535108{margin-bottom: 0px !important;}\u00a0\u00bb]<\/p>\n<p style=\"text-align: center;\">Rien de meilleur le matin que le plaisir r\u00e9g\u00e9n\u00e9rant des fruits frais qui apportent leur contenu de vitamines pour un d\u00e9but de journ\u00e9e plein d\u2019\u00e9nergie.<\/p>\n<p>[\/vc_column_text][\/vc_column][vc_column css_animation=\u00a0\u00bbnone\u00a0\u00bb width=\u00a0\u00bb1\/4&Prime; css=\u00a0\u00bb.vc_custom_1554283749189{padding-left: 0px !important;background-image: url(http:\/\/www.villabelverde.it\/wp-content\/uploads\/2019\/03\/colazione-copertina-4.jpg?id=2165) !important;background-position: center !important;background-repeat: no-repeat !important;background-size: cover !important;}\u00a0\u00bb el_class=\u00a0\u00bbaltezza-mobile\u00a0\u00bb][\/vc_column][vc_column width=\u00a0\u00bb1\/4&Prime; css=\u00a0\u00bb.vc_custom_1552300455938{padding-top: 50px !important;padding-right: 50px !important;padding-bottom: 50px !important;padding-left: 50px !important;background-color: #f4f9e7 !important;}\u00a0\u00bb][vc_custom_heading text=\u00a0\u00bbBrioches\u00a0\u00bb font_container=\u00a0\u00bbtag:h3|text_align:center\u00a0\u00bb use_theme_fonts=\u00a0\u00bbyes\u00a0\u00bb][vc_column_text css=\u00a0\u00bb.vc_custom_1616577559882{margin-bottom: 0px !important;}\u00a0\u00bb]<\/p>\n<p style=\"text-align: center;\">Nos brioches sont r\u00e9alis\u00e9es de mani\u00e8re traditionnelle par des artisans locaux. Nos croissants ont l\u2019incomparable saveur de la p\u00e2tisserie italienne.<\/p>\n<p>[\/vc_column_text][\/vc_column][\/vc_row][vc_row equal_height=\u00a0\u00bbyes\u00a0\u00bb content_placement=\u00a0\u00bbmiddle\u00a0\u00bb el_id=\u00a0\u00bbcolonna-m\u00a0\u00bb][vc_column width=\u00a0\u00bb1\/4&Prime; css=\u00a0\u00bb.vc_custom_1554301277343{padding-top: 50px !important;padding-right: 50px !important;padding-bottom: 50px !important;padding-left: 50px !important;background-color: #ffffff !important;}\u00a0\u00bb el_id=\u00a0\u00bbcolonna-m1&Prime;][vc_custom_heading text=\u00a0\u00bbTartes \u201cfaites \u00e0 la maison\u201d\u00a0\u00bb font_container=\u00a0\u00bbtag:h3|text_align:center\u00a0\u00bb use_theme_fonts=\u00a0\u00bbyes\u00a0\u00bb][vc_column_text css=\u00a0\u00bb.vc_custom_1616577593159{margin-bottom: 0px !important;}\u00a0\u00bb]<\/p>\n<p style=\"text-align: center;\">Qu\u2019y a-t-il de meilleurs que les saveurs traditionnelles de la cuisine \u00ab\u00e0 la maison\u00bb<br \/>\nTartes faites maison, croutes aux fruits, buccelati, tartes aux prunes\u2026 tout ce qu\u2019il faut pour commencer une journ\u00e9e aux saveurs \u00e0 100% toscane<\/p>\n<p>[\/vc_column_text][\/vc_column][vc_column width=\u00a0\u00bb1\/4&Prime; css=\u00a0\u00bb.vc_custom_1554301282204{padding-left: 0px !important;background-image: url(http:\/\/www.villabelverde.it\/wp-content\/uploads\/2019\/03\/colazione-copertina-2.jpg?id=2161) !important;background-position: center !important;background-repeat: no-repeat !important;background-size: cover !important;}\u00a0\u00bb el_class=\u00a0\u00bbaltezza-mobile\u00a0\u00bb el_id=\u00a0\u00bbcolonna-m2&Prime;][\/vc_column][vc_column width=\u00a0\u00bb1\/4&Prime; css=\u00a0\u00bb.vc_custom_1554301288057{padding-top: 50px !important;padding-right: 50px !important;padding-bottom: 50px !important;padding-left: 50px !important;background-color: #ffffff !important;}\u00a0\u00bb el_id=\u00a0\u00bbcolonna-m3&Prime;][vc_custom_heading text=\u00a0\u00bbPetit fours\u00a0\u00bb font_container=\u00a0\u00bbtag:h3|text_align:center\u00a0\u00bb use_theme_fonts=\u00a0\u00bbyes\u00a0\u00bb][vc_column_text css=\u00a0\u00bb.vc_custom_1616577649479{margin-bottom: 0px !important;}\u00a0\u00bb]Petits fours, \u0153uvres d\u00e9licates de p\u00e2tissiers, en fait tout le n\u00e9cessaire pour gouter un doux r\u00e9veil en notes italiennes.[\/vc_column_text][\/vc_column][vc_column width=\u00a0\u00bb1\/4&Prime; css=\u00a0\u00bb.vc_custom_1554301294252{padding-left: 0px !important;background-image: url(http:\/\/www.villabelverde.it\/wp-content\/uploads\/2019\/03\/colazione-copertina-3.jpg?id=2163) !important;background-position: center !important;background-repeat: no-repeat !important;background-size: cover !important;}\u00a0\u00bb el_class=\u00a0\u00bbaltezza-mobile\u00a0\u00bb el_id=\u00a0\u00bbcolonna-m4&Prime;][\/vc_column][\/vc_row][vc_row full_width=\u00a0\u00bbstretch_row\u00a0\u00bb css=\u00a0\u00bb.vc_custom_1521809508479{border-top-width: 1px !important;padding-bottom: 0px !important;background-image: url(http:\/\/www.villabelverde.it\/wp-content\/uploads\/2018\/03\/halftone.png?id=1288) !important;background-position: 0 0 !important;background-repeat: repeat !important;border-top-color: #eeeeee !important;border-top-style: solid !important;}\u00a0\u00bb el_id=\u00a0\u00bbmenu\u00a0\u00bb el_class=\u00a0\u00bbmenu-row\u00a0\u00bb][vc_column css=\u00a0\u00bb.vc_custom_1504178186798{padding-top: 0px !important;}\u00a0\u00bb][\/vc_column][\/vc_row][vc_row full_width=\u00a0\u00bbstretch_row_content_no_spaces\u00a0\u00bb css=\u00a0\u00bb.vc_custom_1521473069676{margin-bottom: 0px !important;padding-top: 0px !important;padding-bottom: 0px !important;}\u00a0\u00bb][vc_column css=\u00a0\u00bb.vc_custom_1521473062975{margin-top: 0px !important;padding-top: 0px !important;}\u00a0\u00bb][vc_media_grid element_width=\u00a0\u00bb3&Prime; gap=\u00a0\u00bb2&Prime; use_light_gallery=\u00a0\u00bbyes\u00a0\u00bb grid_id=\u00a0\u00bbvc_gid:1616577419040-80769f75-a007-5&Prime; include=\u00a0\u00bb3113,3115,3117,3118,3119,3121,3116,3105&Prime; css=\u00a0\u00bb.vc_custom_1553182949490{margin-bottom: 0px !important;padding-top: 0px !important;}\u00a0\u00bb][\/vc_column][\/vc_row]<\/p>\n<\/div>","protected":false},"excerpt":{"rendered":"<p>[vc_row full_width=\u00a0\u00bbstretch_row\u00a0\u00bb content_placement=\u00a0\u00bbmiddle\u00a0\u00bb css_animation=\u00a0\u00bbnone\u00a0\u00bb el_id=\u00a0\u00bbrestaurant\u00a0\u00bb el_class=\u00a0\u00bbrestaurant\u00a0\u00bb css=\u00a0\u00bb.vc_custom_1523281289932{border-top-width: 1px !important;border-top-color: #eeeeee !important;border-top-style: solid !important;}\u00a0\u00bb][vc_column css_animation=\u00a0\u00bbnone\u00a0\u00bb width=\u00a0\u00bb5\/12&Prime; css=\u00a0\u00bb.vc_custom_1523281984144{padding-top: 0px !important;}\u00a0\u00bb][vc_custom_heading text=\u00a0\u00bbLe petit d\u00e9jeuner\u00a0\u00bb font_container=\u00a0\u00bbtag:h1|text_align:left\u00a0\u00bb use_theme_fonts=\u00a0\u00bbyes\u00a0\u00bb css_animation=\u00a0\u00bbright-to-left\u00a0\u00bb el_class=\u00a0\u00bbh1-title\u00a0\u00bb][vc_column_text css_animation=\u00a0\u00bbright-to-left\u00a0\u00bb css=\u00a0\u00bb.vc_custom_1616577428115{margin-bottom: 0px !important;}\u00a0\u00bb]L\u2019ambiance \u00e9l\u00e9gante et recherch\u00e9e de la Villa Belverde est l\u2019endroit propice aussi bien pour des rencontres passionn\u00e9es que pour des rendez-vous informel de travail. Endroit id\u00e9al pour&hellip;<\/p>\n","protected":false},"author":1,"featured_media":0,"parent":0,"menu_order":0,"comment_status":"closed","ping_status":"closed","template":"","meta":{"_acf_changed":false,"footnotes":""},"class_list":["post-3100","page","type-page","status-publish","hentry"],"acf":[],"_links":{"self":[{"href":"https:\/\/www.villabelverde.it\/fr\/wp-json\/wp\/v2\/pages\/3100","targetHints":{"allow":["GET"]}}],"collection":[{"href":"https:\/\/www.villabelverde.it\/fr\/wp-json\/wp\/v2\/pages"}],"about":[{"href":"https:\/\/www.villabelverde.it\/fr\/wp-json\/wp\/v2\/types\/page"}],"author":[{"embeddable":true,"href":"https:\/\/www.villabelverde.it\/fr\/wp-json\/wp\/v2\/users\/1"}],"replies":[{"embeddable":true,"href":"https:\/\/www.villabelverde.it\/fr\/wp-json\/wp\/v2\/comments?post=3100"}],"version-history":[{"count":4,"href":"https:\/\/www.villabelverde.it\/fr\/wp-json\/wp\/v2\/pages\/3100\/revisions"}],"predecessor-version":[{"id":3124,"href":"https:\/\/www.villabelverde.it\/fr\/wp-json\/wp\/v2\/pages\/3100\/revisions\/3124"}],"wp:attachment":[{"href":"https:\/\/www.villabelverde.it\/fr\/wp-json\/wp\/v2\/media?parent=3100"}],"curies":[{"name":"wp","href":"https:\/\/api.w.org\/{rel}","templated":true}]}}